{"id":19197,"date":"2025-11-25T18:15:18","date_gmt":"2025-11-25T17:15:18","guid":{"rendered":"https:\/\/nina.solutions\/?page_id=19197"},"modified":"2026-03-18T10:44:31","modified_gmt":"2026-03-18T09:44:31","slug":"trial-success","status":"publish","type":"page","link":"https:\/\/nina.solutions\/en\/trial-success\/","title":{"rendered":"Trial Success"},"content":{"rendered":"\t\t<div data-elementor-type=\"wp-page\" data-elementor-id=\"19197\" class=\"elementor elementor-19197\" data-elementor-post-type=\"page\">\n\t\t\t\t<div class=\"has_ae_slider elementor-element elementor-element-7c275f4 e-flex e-con-boxed ae-bg-gallery-type-default e-con e-parent\" data-id=\"7c275f4\" data-element_type=\"container\" data-e-type=\"container\">\n\t\t\t\t\t<div class=\"e-con-inner\">\n\t\t\t\t<div class=\"elementor-element elementor-element-b1da96b elementor-widget elementor-widget-html\" data-id=\"b1da96b\" data-element_type=\"widget\" data-e-type=\"widget\" data-widget_type=\"html.default\">\n\t\t\t\t\t<style>\n\t.card.trial-card{\n\t\tbackdrop-filter: blur(2px);\n\t\tborder-radius: 30px !important;\n\t    padding: 45px !important;\n\t    width: 100%;\n\t    border: 1px solid #254a9b7d !important;\n\t    text-align: left;\n\t    margin: 0;\n\t    background: linear-gradient(#3e76ed55, black) !important;\n\t    display: flex;\n\t}\n\t.trial-card .conditions{\n\t\tfont-size: 0.75rem;\n\t\tcolor:#a8bddc;\n\t}\n\t.trial-card .type{\n\t    text-transform: uppercase;\n\t    color: #6489db;\n\t    font-size: 0.75rem;\n\t    line-height: 1rem;\n\t}\n\t.trial-card .type:before{\n\t\tcontent: \"\u2022\";\n\t    font-size: 2.25rem;\n\t    color: #6489db;\n\t    margin-right: 0.5rem;\n\t    vertical-align: middle;\n\t}\n\t.trial-card .btn{\n\t\tborder-radius: 5px;\n\t\tpadding: 10px 15px !important;\n\t\tbackground: rgb(247, 23, 84, 0.7) !important;\n\t\tbackdrop-filter: blur(10px);\n\t\tdisplay: inline-block;\n\t\twidth: 140px;\n\t\ttext-align: center;\n\t\ttransition: .4s;\n\t\tcursor: pointer;\n\t\tfont-weight: bold\n\t}\n\t.trial-card .mt-2{\n\t\tmargin-top: 1rem;\n\t}\n\t.trial-card .btn:hover{\n\t    background: rgb(247, 23, 83, 1) !important;\n\t    color: white;\n\t}\n\t.trial-card .btn-disabled{\n\t\tfilter: grayscale(1);\n\t\tcursor: inherit;\n\t\topacity: 0.75;\n\t}\n\t.trial-card h1{\n\t\tmargin: 0!important;\n\t\tpadding: 0!important;\n\t}\n\t.trial-card ul{\n\t\tmargin: 0;\n\t\tpadding: 0;\n\t}\n\t.trial-card li{\n\t\tlist-style-type: none;\n\t\tline-height: 1.75rem;\n\t}\n\t.trial-card li:before{\n\t\tcontent: \"\";\n\t\tdisplay: inline-block;\n\t\theight: 1.25rem;\n\t\taspect-ratio: 1;\n\t\tbackground-image: url(\"data:image\/svg+xml;base64,PHN2ZyB4bWxucz0iaHR0cDovL3d3dy53My5vcmcvMjAwMC9zdmciIHZpZXdCb3g9IjAgMCA2NDAgNjQwIj48cGF0aCBkPSJNMzIwIDU3NkMxNzguNiA1NzYgNjQgNDYxLjQgNjQgMzIwQzY0IDE3OC42IDE3OC42IDY0IDMyMCA2NEM0NjEuNCA2NCA1NzYgMTc4LjYgNTc2IDMyMEM1NzYgNDYxLjQgNDYxLjQgNTc2IDMyMCA1NzZ6TTQzOCAyMDkuN0M0MjcuMyAyMDEuOSA0MTIuMyAyMDQuMyA0MDQuNSAyMTVMMjg1LjEgMzc5LjJMMjMzIDMyNy4xQzIyMy42IDMxNy43IDIwOC40IDMxNy43IDE5OS4xIDMyNy4xQzE4OS44IDMzNi41IDE4OS43IDM1MS43IDE5OS4xIDM2MUwyNzEuMSA0MzNDMjc2LjEgNDM4IDI4Mi45IDQ0MC41IDI4OS45IDQ0MEMyOTYuOSA0MzkuNSAzMDMuMyA0MzUuOSAzMDcuNCA0MzAuMkw0NDMuMyAyNDMuMkM0NTEuMSAyMzIuNSA0NDguNyAyMTcuNSA0MzggMjA5Ljd6IiBmaWxsPSIjM2U3NmVkIi8+PC9zdmc+\");\n\t\tbackground-size: cover;\n\t\tcolor: #3e76ed;\n\t\tmargin-right: 0.75rem;\n\t\tvertical-align: middle;\n\t    filter: hue-rotate(175deg) brightness(2) saturate(0.4);\n\t}\n\t.trial-card .price{\n\t\tfont-size: 2rem;\n\t\tfont-weight: bold;\n\t}\n\t.trial-card .badge{\n\t\tbackground: #244a9b;\n\t    color: white;\n\t    position: fixed;\n\t    top: -0.5rem;\n\t    right: 3rem;\n\t    border-radius: 20px;\n\t    font-size: 0.75rem;\n\t    padding: 3px 10px;\n\t    font-weight: bold;\n\t}\n\n\t.trial-card .description{\n\t\tmax-width: 80%;\n\t}\n\n<\/style>\n\n<script>\ndocument.addEventListener(\"DOMContentLoaded\", function () {\n    const keycloak = this._keycloak = new Keycloak({\n      url: 'https:\/\/demo-sso.smartnina.io\/sso',\n      realm: 'nina_solutions',\n      clientId: 'sitevitrine',\n    });\n    console.log(\"keycloak\",keycloak);\n    \/*keycloak.init({ onLoad: 'none' }).then(authenticated => {\n        console.log(\"authenticated\",authenticated);\n        document.getElementById('test').addEventListener('click', () => {\n            console.log(\"click register\", keycloak);\n            keycloak.register();\n        });\n    });*\/\n    keycloak.init({\n        onLoad: 'check-sso',\n        \n        silentCheckSsoRedirectUri: 'https:\/\/nina.solutions\/wp-content\/uploads\/2025\/12\/silent-check-sso.html'\n        \/\/silentCheckSsoRedirectUri: window.location.origin + '\/'\n    }).then(authenticated => {\n    \n        console.log(\"connect\u00e9 ?\", authenticated);\n    \n        if (authenticated) {\n          const user = keycloak.tokenParsed;\n          const hasNinaUser = user.resource_access?.['nina-tools-demo']?.roles?.includes('user');\n          const hasDemoportalDubbing =\n          user.resource_access?.demoportal?.roles?.includes('dubbing');\n        \n        \n        \n          console.log(\"Nom :\", user.name);\n            if (hasNinaUser && hasDemoportalDubbing) {\n              console.log('\u2705 Acc\u00e8s autoris\u00e9');\n              \n              document.querySelector('#sso-message').innerHTML = `Bonjour ${user.name} !<br>Votre compte a \u00e9t\u00e9 configur\u00e9 par nos \u00e9quipes.<br>Rendez-vous d\u00e9sormais sur <a href=\"https:\/\/demoportal.smartnina.io\">demoportal.smartnina.io<\/a> pour ouvrir vos projets dans l'application NINA Dubbing.<br><small>Vous allez \u00eatre redirig\u00e9 dans quelques secondes...<\/small><br>\u00c0 tout de suite !`;\n              setTimeout(() => {\n                window.location.href = 'https:\/\/demoportal.smartnina.io';\n              }, 10000);\n            } else {\n              console.log('\u274c Acc\u00e8s refus\u00e9');\n            }\n        }\n    \n    });\n});\n<\/script>\t\t\t\t<\/div>\n\t\t\t\t<div class=\"elementor-element elementor-element-890acc7 e-con e-atomic-element e-flexbox-base card trial-card e-890acc7-4df39be\" data-id=\"890acc7\" data-element_type=\"e-flexbox\" data-e-type=\"e-flexbox\" data-interaction-id=\"890acc7\" data-e-type=\"e-flexbox\" data-id=\"890acc7\" >\n\t\t\t\t<div class=\"elementor-element elementor-element-ff7cdf6 elementor-widget elementor-widget-html\" data-id=\"ff7cdf6\" data-element_type=\"widget\" data-e-type=\"widget\" data-widget_type=\"html.default\">\n\t\t\t\t\t<div style=\"display:flex; flex-direction:column; height: 100%;\">\n    <div class=\"badge\">En avant premi\u00e8re<\/div>\n    <div class=\"type\">B\u00eata testeur<\/div>\n    <h1 class=\"degrade jaune\">NINA Dubbing<\/h1>\n    <div id=\"sso-message\">\n        <div>Une fois votre compte configur\u00e9 par nos \u00e9quipes,<\/div>\n        <div>vous pourrez acc\u00e9der \u00e0 <a href=\"https:\/\/demoportal.smartnina.io\">l'application NINA Dubbing depuis demoportal.smartnina.io<\/a>.<\/div>\n        <div>\u00c0 tr\u00e8s bient\u00f4t !<\/div>\n    <\/div>\n<\/div>\t\t\t\t<\/div>\n\t\t\t\t<\/div>\n\t\t\t\t\t<\/div>\n\t\t\t\t<\/div>\n\t\t\t\t<\/div>\n\t\t","protected":false},"excerpt":{"rendered":"<p>En avant premi\u00e8re B\u00eata testeur NINA Dubbing Une fois votre compte configur\u00e9 par nos \u00e9quipes, vous pourrez acc\u00e9der \u00e0 l&#8217;application NINA Dubbing depuis demoportal.smartnina.io. \u00c0 tr\u00e8s bient\u00f4t !<\/p>\n","protected":false},"author":6,"featured_media":0,"parent":0,"menu_order":0,"comment_status":"closed","ping_status":"closed","template":"","meta":{"footnotes":""},"class_list":["post-19197","page","type-page","status-publish"],"_links":{"self":[{"href":"https:\/\/nina.solutions\/en\/wp-json\/wp\/v2\/pages\/19197","targetHints":{"allow":["GET"]}}],"collection":[{"href":"https:\/\/nina.solutions\/en\/wp-json\/wp\/v2\/pages"}],"about":[{"href":"https:\/\/nina.solutions\/en\/wp-json\/wp\/v2\/types\/page"}],"author":[{"embeddable":true,"href":"https:\/\/nina.solutions\/en\/wp-json\/wp\/v2\/users\/6"}],"replies":[{"embeddable":true,"href":"https:\/\/nina.solutions\/en\/wp-json\/wp\/v2\/comments?post=19197"}],"version-history":[{"count":233,"href":"https:\/\/nina.solutions\/en\/wp-json\/wp\/v2\/pages\/19197\/revisions"}],"predecessor-version":[{"id":20367,"href":"https:\/\/nina.solutions\/en\/wp-json\/wp\/v2\/pages\/19197\/revisions\/20367"}],"wp:attachment":[{"href":"https:\/\/nina.solutions\/en\/wp-json\/wp\/v2\/media?parent=19197"}],"curies":[{"name":"wp","href":"https:\/\/api.w.org\/{rel}","templated":true}]}}