{"id":19995,"date":"2025-12-05T19:22:40","date_gmt":"2025-12-05T18:22:40","guid":{"rendered":"https:\/\/nina.solutions\/card-test-en\/"},"modified":"2026-03-12T15:55:05","modified_gmt":"2026-03-12T14:55:05","slug":"test-card","status":"publish","type":"page","link":"https:\/\/nina.solutions\/en\/test-card\/","title":{"rendered":"Card Test EN"},"content":{"rendered":"\t\t<div data-elementor-type=\"wp-page\" data-elementor-id=\"19995\" class=\"elementor elementor-19995 elementor-19616\" data-elementor-post-type=\"page\">\n\t\t\t\t<div class=\"has_ae_slider elementor-element elementor-element-21e6535 e-flex e-con-boxed ae-bg-gallery-type-default e-con e-parent\" data-id=\"21e6535\" data-element_type=\"container\" data-e-type=\"container\">\n\t\t\t\t\t<div class=\"e-con-inner\">\n\t\t\t\t<div class=\"elementor-element elementor-element-3c3c66e elementor-widget elementor-widget-shortcode\" data-id=\"3c3c66e\" data-element_type=\"widget\" data-e-type=\"widget\" data-widget_type=\"shortcode.default\">\n\t\t\t\t\t\t\t<div class=\"elementor-shortcode\">\t\t<div data-elementor-type=\"container\" data-elementor-id=\"19650\" class=\"elementor elementor-19650\" data-elementor-post-type=\"elementor_library\">\n\t\t\t\t<div class=\"has_ae_slider elementor-element elementor-element-f6b7c17 e-flex e-con-boxed ae-bg-gallery-type-default e-con e-parent\" data-id=\"f6b7c17\" data-element_type=\"container\" data-e-type=\"container\">\n\t\t\t\t\t<div class=\"e-con-inner\">\n\t\t\t\t<div class=\"elementor-element elementor-element-699d978 elementor-widget elementor-widget-html\" data-id=\"699d978\" data-element_type=\"widget\" data-e-type=\"widget\" data-widget_type=\"html.default\">\n\t\t\t\t\t<div class=\"switch-wrapper\">\n    <h1 class=\"degrade jaune\">Pricing<\/h1>\n    <h3 id=\"label-monthly\" class=\"toggle-label active\">Monthly<\/h3>\n    <label class=\"switch\">\n        <input type=\"checkbox\" id=\"toggle-subscription\">\n        <span class=\"slider\"><\/span>\n    <\/label>\n    <h3 id=\"label-annual\" class=\"toggle-label\">Annual<\/h3>\n    \n<\/div>\n\n<div style=\"text-align:center\">Save 20% with 1 year commitment.<\/div>\n<div style=\"text-align:center;opacity:0.5\"><small>Prices shown exclude taxes.<\/small><\/div>\n\n<style>\n    .switch-wrapper {\n        display: flex;\n        align-items: center;\n        justify-content: center;\n        gap:15px;\n        flex-wrap: wrap;\n    }\n    .switch-wrapper h1{\n        \/*--color-1:#ff8ac6;\n        --color-2:#7a5bff;*\/\n        background: -webkit-linear-gradient(-45deg, var(--color-1), var(--color-2));\n        -webkit-background-clip: text;\n        -webkit-text-fill-color: transparent;\n        margin-right: 15px;\n    }\n    .toggle-label {\n        font-weight: 700;\n        color: #aaa;\n        transition: color 0.3s ease;\n        user-select: none;\n        padding: 10px 24px;\n        border-radius: 40px;\n        display: block;\n    }\n    .toggle-label:not(.active){\n        cursor: pointer;\n    }\n    .toggle-label.active {\n        color: #FFF;\n        --color-2: #fde68f;\n        --color-1: #fb746f;\n        background:linear-gradient(135deg, var(--color-1), var(--color-2));\n        color: #fff;\n    }\n    .switch {\n        position: relative;\n        display: inline-block;\n        width: 56px;\n        height: 30px;\n        display: none;\n    }\n    .switch input {\n        opacity: 0;\n        width: 0;\n        height: 0;\n    }\n    .slider {\n        position: absolute;\n        cursor: pointer;\n        top: 0;\n        left: 0;\n        right: 0;\n        bottom: 0;\n        background-color: #ccc;\n        transition: .4s;\n        border-radius: 34px;\n\nbackground:#fde68f;\nbackground:#fb746f;\nbackground:#cc59a4;\nbackground:#3e76ed;\nbackground: #fb746f;\nbackground:#cc59a4;\nbackground:#aaa;\n\n    }\n    .slider:before {\n        position: absolute;\n        content: \"\";\n        height: 22px;\n        width: 22px;\n        left: 4px;\n        bottom: 4px;\n        background-color: white;\n        transition: .4s;\n        border-radius: 50%;\n    }\n    input:checked + .slider {\n        background-color: #4a90e2;\n\n\nbackground:#fde68f;\nbackground:#fb746f;\nbackground:#cc59a4;\nbackground:#3e76ed;\nbackground: #fb746f;\nbackground:#cc59a4;\nbackground:#BBB;\n\n\n    }\n    input:checked + .slider:before {\n        transform: translateX(26px);\n    }\n    .card-hidden {\n        display: none !important;\n    }\n<\/style>\n    \n<script>\n    document.addEventListener('DOMContentLoaded', () => {\n        const toggle = document.getElementById('toggle-subscription');\n        const monthlyElements = document.querySelectorAll('.card-month');\n        const annualElements = document.querySelectorAll('.card-year');\n        \n        const labelMonthly = document.getElementById('label-monthly');\n        const labelAnnual = document.getElementById('label-annual');\n\n        \/\/ Fonction de mise \u00e0 jour\n        function updatePricing() {\n            if(toggle.checked) {\n                \/\/ Annuel\n                monthlyElements.forEach(el => el.classList.add('card-hidden'));\n                annualElements.forEach(el => el.classList.remove('card-hidden'));\n                labelMonthly.classList.remove('active');\n                labelAnnual.classList.add('active');\n            } else {\n                \/\/ Mensuel\n                annualElements.forEach(el => el.classList.add('card-hidden'));\n                monthlyElements.forEach(el => el.classList.remove('card-hidden'));\n                labelAnnual.classList.remove('active');\n                labelMonthly.classList.add('active');\n            }\n        }\n        \/\/ \u00c9couter le changement\n        toggle.addEventListener('change', updatePricing);\n        labelMonthly.addEventListener('click', () => {\n            toggle.checked = false;\n            updatePricing();\n        });\n        labelAnnual.addEventListener('click', () => {\n            toggle.checked = true;\n            updatePricing();\n        });\n        toggle.checked = false;\n        updatePricing();\n    });\n<\/script>\n\t\t\t\t<\/div>\n\t\t\t\t\t<\/div>\n\t\t\t\t<\/div>\n\t\t\t\t<\/div>\n\t\t<\/div>\n\t\t\t\t\t\t<\/div>\n\t\t\t\t\t<\/div>\n\t\t\t\t<\/div>\n\t\t<div class=\"has_ae_slider elementor-element elementor-element-e482bc9 tarifs tarifs-tests e-flex e-con-boxed ae-bg-gallery-type-default e-con e-parent\" data-id=\"e482bc9\" data-element_type=\"container\" data-e-type=\"container\">\n\t\t\t\t\t<div class=\"e-con-inner\">\n\t\t<div class=\"has_ae_slider elementor-element elementor-element-bade8d7 e-con-full e-flex ae-bg-gallery-type-default e-con e-child\" data-id=\"bade8d7\" data-element_type=\"container\" data-e-type=\"container\">\n\t\t\t\t<div class=\"elementor-element elementor-element-a4fc7b6 elementor-widget elementor-widget-html\" data-id=\"a4fc7b6\" data-element_type=\"widget\" data-e-type=\"widget\" data-widget_type=\"html.default\">\n\t\t\t\t\t<h3 class=\"degrade jaune\" style=\"text-align:center;display:block\">Pour les ind\u00e9pendants<\/h3>\n<br>\n<div class=\"card-month\">\n    <div class=\"vue-checkout\" data-type-product=\"personal\" data-name=\"dub_test\" data-product-id=\"prod_TryGlmhtMrSJBt\"><\/div><br>\n    \n    <div class=\"vue-checkout\" data-type-product=\"personal\" data-name=\"dub_test\" data-product-id=\"prod_Tu8ogq7CkTvW4z\"><\/div><br>\n    \n   <!-- (company)<div class=\"vue-checkout\" data-type-product=\"company\" data-name=\"dub_test\" data-product-id=\"prod_TryGlmhtMrSJBt\"><\/div>-->\n<\/div>\n<div class=\"card-year card-hidden\">\n    <div class=\"vue-checkout\" data-type-product=\"personal\" data-name=\"dub_test\" data-product-id=\"prod_TryH63twSpaNFt\"><\/div><br>\n    (company)<div class=\"vue-checkout\" data-type-product=\"personal\" data-name=\"dub_test\" data-product-id=\"prod_TryH63twSpaNFt\"><\/div>\n<\/div>\t\t\t\t<\/div>\n\t\t\t\t<\/div>\n\t\t<div class=\"has_ae_slider elementor-element elementor-element-5433f59 e-con-full e-flex ae-bg-gallery-type-default e-con e-child\" data-id=\"5433f59\" data-element_type=\"container\" data-e-type=\"container\">\n\t\t\t\t<div class=\"elementor-element elementor-element-60cdd20 elementor-widget elementor-widget-html\" data-id=\"60cdd20\" data-element_type=\"widget\" data-e-type=\"widget\" data-widget_type=\"html.default\">\n\t\t\t\t\t<h3 class=\"degrade jaune\" style=\"text-align:center;display:block\">Pour les studios<\/h3>\n<div style=\"text-align:center\"><small>Pack recommand\u00e9. Modifiable lors de la souscription.<\/small><\/div>\n<br>\n<div class=\"card-month\"><div class=\"vue-checkout\" data-type-product=\"company\" data-name=\"dub_test\" data-product-id=\"prod_TryG3SOu63OQfR,prod_TryGU37VzOXm88,prod_TryGFsQEmynz7W,prod_TryGolohiTje2y,prod_TryGfUYGXS1Ytb\"><\/div><\/div>\n<div class=\"card-year card-hidden\"><div class=\"vue-checkout\" data-type-product=\"company\" data-name=\"dub_test\" data-product-id=\"prod_TryHSuQEbe1udD,prod_TryH3pdqgANrQv,prod_TryHqH7CIvsF1v,prod_TryHvaiSJd2VTb,prod_TryHfi3lH4jrVj\"><\/div><\/div>\t\t\t\t<\/div>\n\t\t\t\t<\/div>\n\t\t\t\t\t<\/div>\n\t\t\t\t<\/div>\n\t\t<div class=\"has_ae_slider elementor-element elementor-element-0bcfdd2 tarifs tarifs-tests e-flex e-con-boxed ae-bg-gallery-type-default e-con e-parent\" data-id=\"0bcfdd2\" data-element_type=\"container\" data-e-type=\"container\">\n\t\t\t\t\t<div class=\"e-con-inner\">\n\t\t<div class=\"has_ae_slider elementor-element elementor-element-a751adc e-con-full e-flex ae-bg-gallery-type-default e-con e-child\" data-id=\"a751adc\" data-element_type=\"container\" data-e-type=\"container\">\n\t\t\t\t<div class=\"elementor-element elementor-element-62051fd elementor-widget elementor-widget-html\" data-id=\"62051fd\" data-element_type=\"widget\" data-e-type=\"widget\" data-widget_type=\"html.default\">\n\t\t\t\t\t\ud83d\udcbb en company dub year <div class=\"card-year card-hidden\"><div class=\"vue-checkout\" data-langue=\"en\" data-type-product=\"company\" data-name=\"dub_test\" data-product-id=\"prod_U0qG7Ve8x6XVLA,prod_U0qGAGO0YTdD2B,prod_U0qGvJpVzweZk4,prod_U0qGMHjN6M35Op,prod_U0qGSBq6lBpk0p,\"><\/div><\/div>\n\ud83d\udcbb en company sub year <div class=\"card-year card-hidden\"><div class=\"vue-checkout\" data-langue=\"en\" data-type-product=\"company\" data-name=\"sub_test\" data-product-id=\"prod_U0qG7Ve8x6XVLA,prod_U0qGAGO0YTdD2B,prod_U0qGI1Aw3F47Z7,\"><\/div><\/div>\n\ud83d\udcbb en personal dub year <div class=\"card-year card-hidden\"><div class=\"vue-checkout\" data-langue=\"en\" data-type-product=\"personal\" data-name=\"dub_test\" data-product-id=\"prod_U0qGMfdGKi8WvN\"><\/div><\/div>\n\ud83d\udcbb en personal sub year <div class=\"card-year card-hidden\"><div class=\"vue-checkout\" data-langue=\"en\" data-type-product=\"personal\" data-name=\"sub_test\" data-product-id=\"prod_U0qGZ0Kxq4zhEF\"><\/div><\/div>\n\ud83d\udcbb en company dub month <div class=\"card-month\"><div class=\"vue-checkout\" data-langue=\"en\" data-type-product=\"company\" data-name=\"dub_test\" data-product-id=\"prod_U0qFRbLRdg1HWb,prod_U0qFWerwOtPPKB,prod_U0qFe1DVCWVNa8,prod_U0qFq7gkyMb4VN,prod_U0qF4KeVMPfUH6,\"><\/div><\/div>\n\ud83d\udcbb en company sub month <div class=\"card-month\"><div class=\"vue-checkout\" data-langue=\"en\" data-type-product=\"company\" data-name=\"sub_test\" data-product-id=\"prod_U0qFRbLRdg1HWb,prod_U0qFWerwOtPPKB,prod_U0qFUeSKFV77yb,\"><\/div><\/div>\n\ud83d\udcbb en personal dub month <div class=\"card-month\"><div class=\"vue-checkout\" data-langue=\"en\" data-type-product=\"personal\" data-name=\"dub_test\" data-product-id=\"prod_U0qFuENoX5SSPi,\"><\/div><\/div>\n\ud83d\udcbb en personal sub month <div class=\"card-month\"><div class=\"vue-checkout\" data-langue=\"en\" data-type-product=\"personal\" data-name=\"sub_test\" data-product-id=\"prod_U0qGD9LCN0EfJM,\"><\/div><\/div>\n\ud83d\udcbb en personal dub-payg month <div class=\"card-month\"><div class=\"vue-checkout\" data-langue=\"en\" data-type-product=\"personal\" data-name=\"dub-payg_test\" data-product-id=\"prod_U0qGD5n7jwEd2m\"><\/div><\/div>\n\ud83d\udcbb en personal sub-payg month <div class=\"card-month\"><div class=\"vue-checkout\" data-langue=\"en\" data-type-product=\"personal\" data-name=\"sub-payg_test\" data-product-id=\"prod_U0qGh6A9U236Eb\"><\/div><\/div>\n\ud83d\udcbb en company dub-payg month <div class=\"card-month\"><div class=\"vue-checkout\" data-langue=\"en\" data-type-product=\"company\" data-name=\"dub-payg_test\" data-product-id=\"\"><\/div><\/div>\n\ud83d\udcbb en company sub-payg month <div class=\"card-month\"><div class=\"vue-checkout\" data-langue=\"en\" data-type-product=\"company\" data-name=\"sub-payg_test\" data-product-id=\"\"><\/div><\/div>\n\t\t\t\t<\/div>\n\t\t\t\t<\/div>\n\t\t\t\t\t<\/div>\n\t\t\t\t<\/div>\n\t\t<div class=\"has_ae_slider elementor-element elementor-element-4e1e340 elementor-hidden-desktop elementor-hidden-tablet elementor-hidden-mobile e-flex e-con-boxed ae-bg-gallery-type-default e-con e-parent\" data-id=\"4e1e340\" data-element_type=\"container\" data-e-type=\"container\">\n\t\t\t\t\t<div class=\"e-con-inner\">\n\t\t\t\t<div class=\"elementor-element elementor-element-cf50417 elementor-widget elementor-widget-n-accordion\" data-id=\"cf50417\" data-element_type=\"widget\" data-e-type=\"widget\" data-settings=\"{&quot;default_state&quot;:&quot;expanded&quot;,&quot;max_items_expended&quot;:&quot;one&quot;,&quot;n_accordion_animation_duration&quot;:{&quot;unit&quot;:&quot;ms&quot;,&quot;size&quot;:400,&quot;sizes&quot;:[]}}\" data-widget_type=\"nested-accordion.default\">\n\t\t\t\t\t\t\t<div class=\"e-n-accordion\" aria-label=\"Accordion. Open links with Enter or Space, close with Escape, and navigate with Arrow Keys\">\n\t\t\t\t\t\t<details id=\"e-n-accordion-item-2170\" class=\"e-n-accordion-item\" open>\n\t\t\t\t<summary class=\"e-n-accordion-item-title\" data-accordion-index=\"1\" tabindex=\"0\" aria-expanded=\"true\" aria-controls=\"e-n-accordion-item-2170\" >\n\t\t\t\t\t<span class='e-n-accordion-item-title-header'><div class=\"e-n-accordion-item-title-text\"> Pourquoi une plateforme professionnelle ? <\/div><\/span>\n\t\t\t\t\t\t\t<span class='e-n-accordion-item-title-icon'>\n\t\t\t<span class='e-opened' ><i aria-hidden=\"true\" class=\"fas fa-minus\"><\/i><\/span>\n\t\t\t<span class='e-closed'><i aria-hidden=\"true\" class=\"fas fa-plus\"><\/i><\/span>\n\t\t<\/span>\n\n\t\t\t\t\t\t<\/summary>\n\t\t\t\t<div class=\"has_ae_slider elementor-element elementor-element-0705361 e-con-full e-flex ae-bg-gallery-type-default e-con e-child\" role=\"region\" aria-labelledby=\"e-n-accordion-item-2170\" data-id=\"0705361\" data-element_type=\"container\" data-e-type=\"container\">\n\t\t\t\t<div class=\"elementor-element elementor-element-8a19b70 elementor-widget elementor-widget-text-editor\" data-id=\"8a19b70\" data-element_type=\"widget\" data-e-type=\"widget\" data-widget_type=\"text-editor.default\">\n\t\t\t\t\t\t\t\t\t<p>La plateforme en ligne r\u00e9pond aux exigences strictes de s\u00e9curit\u00e9 et de protection des contenus des Majors.<br \/>Elle garantit un service fiable (pas besoin de stocker ou backuper vos projets) et pr\u00e9serve le travail cr\u00e9atif (ce n&#8217;est pas le r\u00f4le de l&#8217;IA).<\/p>\t\t\t\t\t\t\t\t<\/div>\n\t\t\t\t<\/div>\n\t\t\t\t\t<\/details>\n\t\t\t\t\t\t<details id=\"e-n-accordion-item-2171\" class=\"e-n-accordion-item\" >\n\t\t\t\t<summary class=\"e-n-accordion-item-title\" data-accordion-index=\"2\" tabindex=\"-1\" aria-expanded=\"false\" aria-controls=\"e-n-accordion-item-2171\" >\n\t\t\t\t\t<span class='e-n-accordion-item-title-header'><div class=\"e-n-accordion-item-title-text\"> Pourquoi des abonnement mensuels ou annuels ? <\/div><\/span>\n\t\t\t\t\t\t\t<span class='e-n-accordion-item-title-icon'>\n\t\t\t<span class='e-opened' ><i aria-hidden=\"true\" class=\"fas fa-minus\"><\/i><\/span>\n\t\t\t<span class='e-closed'><i aria-hidden=\"true\" class=\"fas fa-plus\"><\/i><\/span>\n\t\t<\/span>\n\n\t\t\t\t\t\t<\/summary>\n\t\t\t\t<div class=\"has_ae_slider elementor-element elementor-element-ac30f0c e-con-full e-flex ae-bg-gallery-type-default e-con e-child\" role=\"region\" aria-labelledby=\"e-n-accordion-item-2171\" data-id=\"ac30f0c\" data-element_type=\"container\" data-e-type=\"container\">\n\t\t\t\t<div class=\"elementor-element elementor-element-acfd03d elementor-widget elementor-widget-text-editor\" data-id=\"acfd03d\" data-element_type=\"widget\" data-e-type=\"widget\" data-widget_type=\"text-editor.default\">\n\t\t\t\t\t\t\t\t\t<p>Simplicit\u00e9, \u00e9quit\u00e9 et p\u00e9rennit\u00e9 : tout le monde b\u00e9n\u00e9ficie de la version la plus r\u00e9cente (sans mises \u00e0 niveau payantes, sans version obsol\u00e8te),<br \/>tous les utilisateurs ont acc\u00e8s aux m\u00eames fonctionnalit\u00e9s.<br \/><br \/>L\u2019abonnement mensuel inclut une remise \u00e9quivalente \u00e0 2 mois offerts, ce qui le rend plus avantageux sur la dur\u00e9e.<\/p>\t\t\t\t\t\t\t\t<\/div>\n\t\t\t\t<\/div>\n\t\t\t\t\t<\/details>\n\t\t\t\t\t\t<details id=\"e-n-accordion-item-2172\" class=\"e-n-accordion-item\" >\n\t\t\t\t<summary class=\"e-n-accordion-item-title\" data-accordion-index=\"3\" tabindex=\"-1\" aria-expanded=\"false\" aria-controls=\"e-n-accordion-item-2172\" >\n\t\t\t\t\t<span class='e-n-accordion-item-title-header'><div class=\"e-n-accordion-item-title-text\"> Comment fonctionne la facturation des projets ? <\/div><\/span>\n\t\t\t\t\t\t\t<span class='e-n-accordion-item-title-icon'>\n\t\t\t<span class='e-opened' ><i aria-hidden=\"true\" class=\"fas fa-minus\"><\/i><\/span>\n\t\t\t<span class='e-closed'><i aria-hidden=\"true\" class=\"fas fa-plus\"><\/i><\/span>\n\t\t<\/span>\n\n\t\t\t\t\t\t<\/summary>\n\t\t\t\t<div class=\"has_ae_slider elementor-element elementor-element-a006bc1 e-con-full e-flex ae-bg-gallery-type-default e-con e-child\" role=\"region\" aria-labelledby=\"e-n-accordion-item-2172\" data-id=\"a006bc1\" data-element_type=\"container\" data-e-type=\"container\">\n\t\t\t\t<div class=\"elementor-element elementor-element-670c6c0 elementor-widget elementor-widget-text-editor\" data-id=\"670c6c0\" data-element_type=\"widget\" data-e-type=\"widget\" data-widget_type=\"text-editor.default\">\n\t\t\t\t\t\t\t\t\t<p>Les projets partag\u00e9s par les Studios sont accessibles en illimit\u00e9, sans co\u00fbt suppl\u00e9mentaire.<br \/>Seuls les projets que vous cr\u00e9ez sont factur\u00e9s \u00e0 la minute, en fonction de la dur\u00e9e du m\u00e9dia import\u00e9.<\/p>\t\t\t\t\t\t\t\t<\/div>\n\t\t\t\t<\/div>\n\t\t\t\t\t<\/details>\n\t\t\t\t\t<\/div>\n\t\t\t\t\t\t<\/div>\n\t\t\t\t\t<\/div>\n\t\t\t\t<\/div>\n\t\t\t\t<\/div>\n\t\t","protected":false},"excerpt":{"rendered":"<p>Pour les ind\u00e9pendants (company) Pour les studios Pack recommand\u00e9. Modifiable lors de la souscription. \ud83d\udcbb en company dub year \ud83d\udcbb en company sub year \ud83d\udcbb en personal dub year \ud83d\udcbb en personal sub year \ud83d\udcbb en company dub month \ud83d\udcbb en company sub month \ud83d\udcbb en personal dub month \ud83d\udcbb en personal sub month \ud83d\udcbb &#8230; <a title=\"Card Test EN\" class=\"read-more\" href=\"https:\/\/nina.solutions\/en\/test-card\/\" aria-label=\"Read more about Card Test EN\">Read more<\/a><\/p>\n","protected":false},"author":6,"featured_media":0,"parent":0,"menu_order":0,"comment_status":"closed","ping_status":"closed","template":"","meta":{"footnotes":""},"class_list":["post-19995","page","type-page","status-publish"],"_links":{"self":[{"href":"https:\/\/nina.solutions\/en\/wp-json\/wp\/v2\/pages\/19995","targetHints":{"allow":["GET"]}}],"collection":[{"href":"https:\/\/nina.solutions\/en\/wp-json\/wp\/v2\/pages"}],"about":[{"href":"https:\/\/nina.solutions\/en\/wp-json\/wp\/v2\/types\/page"}],"author":[{"embeddable":true,"href":"https:\/\/nina.solutions\/en\/wp-json\/wp\/v2\/users\/6"}],"replies":[{"embeddable":true,"href":"https:\/\/nina.solutions\/en\/wp-json\/wp\/v2\/comments?post=19995"}],"version-history":[{"count":25,"href":"https:\/\/nina.solutions\/en\/wp-json\/wp\/v2\/pages\/19995\/revisions"}],"predecessor-version":[{"id":20272,"href":"https:\/\/nina.solutions\/en\/wp-json\/wp\/v2\/pages\/19995\/revisions\/20272"}],"wp:attachment":[{"href":"https:\/\/nina.solutions\/en\/wp-json\/wp\/v2\/media?parent=19995"}],"curies":[{"name":"wp","href":"https:\/\/api.w.org\/{rel}","templated":true}]}}