{"id":20234,"date":"2025-12-30T17:38:38","date_gmt":"2025-12-30T16:38:38","guid":{"rendered":"https:\/\/nina.solutions\/card-prod\/"},"modified":"2026-03-18T10:58:12","modified_gmt":"2026-03-18T09:58:12","slug":"card-prod","status":"publish","type":"page","link":"https:\/\/nina.solutions\/en\/card-prod\/","title":{"rendered":"Card Prod"},"content":{"rendered":"\t\t<div data-elementor-type=\"wp-page\" data-elementor-id=\"20234\" class=\"elementor elementor-20234 elementor-19852\" data-elementor-post-type=\"page\">\n\t\t\t\t<div class=\"has_ae_slider elementor-element elementor-element-21e6535 e-flex e-con-boxed ae-bg-gallery-type-default e-con e-parent\" data-id=\"21e6535\" data-element_type=\"container\" data-e-type=\"container\">\n\t\t\t\t\t<div class=\"e-con-inner\">\n\t\t\t\t<div class=\"elementor-element elementor-element-3c3c66e elementor-widget elementor-widget-shortcode\" data-id=\"3c3c66e\" data-element_type=\"widget\" data-e-type=\"widget\" data-widget_type=\"shortcode.default\">\n\t\t\t\t\t\t\t<div class=\"elementor-shortcode\">\t\t<div data-elementor-type=\"container\" data-elementor-id=\"19650\" class=\"elementor elementor-19650\" data-elementor-post-type=\"elementor_library\">\n\t\t\t\t<div class=\"has_ae_slider elementor-element elementor-element-f6b7c17 e-flex e-con-boxed ae-bg-gallery-type-default e-con e-parent\" data-id=\"f6b7c17\" data-element_type=\"container\" data-e-type=\"container\">\n\t\t\t\t\t<div class=\"e-con-inner\">\n\t\t\t\t<div class=\"elementor-element elementor-element-699d978 elementor-widget elementor-widget-html\" data-id=\"699d978\" data-element_type=\"widget\" data-e-type=\"widget\" data-widget_type=\"html.default\">\n\t\t\t\t\t<div class=\"switch-wrapper\">\n    <h1 class=\"degrade jaune\">Pricing<\/h1>\n    <h3 id=\"label-monthly\" class=\"toggle-label active\">Monthly<\/h3>\n    <label class=\"switch\">\n        <input type=\"checkbox\" id=\"toggle-subscription\">\n        <span class=\"slider\"><\/span>\n    <\/label>\n    <h3 id=\"label-annual\" class=\"toggle-label\">Annual<\/h3>\n    \n<\/div>\n\n<div style=\"text-align:center\">Save 20% with 1 year commitment.<\/div>\n<div style=\"text-align:center;opacity:0.5\"><small>Prices shown exclude taxes.<\/small><\/div>\n\n<style>\n    .switch-wrapper {\n        display: flex;\n        align-items: center;\n        justify-content: center;\n        gap:15px;\n        flex-wrap: wrap;\n    }\n    .switch-wrapper h1{\n        \/*--color-1:#ff8ac6;\n        --color-2:#7a5bff;*\/\n        background: -webkit-linear-gradient(-45deg, var(--color-1), var(--color-2));\n        -webkit-background-clip: text;\n        -webkit-text-fill-color: transparent;\n        margin-right: 15px;\n    }\n    .toggle-label {\n        font-weight: 700;\n        color: #aaa;\n        transition: color 0.3s ease;\n        user-select: none;\n        padding: 10px 24px;\n        border-radius: 40px;\n        display: block;\n    }\n    .toggle-label:not(.active){\n        cursor: pointer;\n    }\n    .toggle-label.active {\n        color: #FFF;\n        --color-2: #fde68f;\n        --color-1: #fb746f;\n        background:linear-gradient(135deg, var(--color-1), var(--color-2));\n        color: #fff;\n    }\n    .switch {\n        position: relative;\n        display: inline-block;\n        width: 56px;\n        height: 30px;\n        display: none;\n    }\n    .switch input {\n        opacity: 0;\n        width: 0;\n        height: 0;\n    }\n    .slider {\n        position: absolute;\n        cursor: pointer;\n        top: 0;\n        left: 0;\n        right: 0;\n        bottom: 0;\n        background-color: #ccc;\n        transition: .4s;\n        border-radius: 34px;\n\nbackground:#fde68f;\nbackground:#fb746f;\nbackground:#cc59a4;\nbackground:#3e76ed;\nbackground: #fb746f;\nbackground:#cc59a4;\nbackground:#aaa;\n\n    }\n    .slider:before {\n        position: absolute;\n        content: \"\";\n        height: 22px;\n        width: 22px;\n        left: 4px;\n        bottom: 4px;\n        background-color: white;\n        transition: .4s;\n        border-radius: 50%;\n    }\n    input:checked + .slider {\n        background-color: #4a90e2;\n\n\nbackground:#fde68f;\nbackground:#fb746f;\nbackground:#cc59a4;\nbackground:#3e76ed;\nbackground: #fb746f;\nbackground:#cc59a4;\nbackground:#BBB;\n\n\n    }\n    input:checked + .slider:before {\n        transform: translateX(26px);\n    }\n    .card-hidden {\n        display: none !important;\n    }\n<\/style>\n    \n<script>\n    document.addEventListener('DOMContentLoaded', () => {\n        const toggle = document.getElementById('toggle-subscription');\n        const monthlyElements = document.querySelectorAll('.card-month');\n        const annualElements = document.querySelectorAll('.card-year');\n        \n        const labelMonthly = document.getElementById('label-monthly');\n        const labelAnnual = document.getElementById('label-annual');\n\n        \/\/ Fonction de mise \u00e0 jour\n        function updatePricing() {\n            if(toggle.checked) {\n                \/\/ Annuel\n                monthlyElements.forEach(el => el.classList.add('card-hidden'));\n                annualElements.forEach(el => el.classList.remove('card-hidden'));\n                labelMonthly.classList.remove('active');\n                labelAnnual.classList.add('active');\n            } else {\n                \/\/ Mensuel\n                annualElements.forEach(el => el.classList.add('card-hidden'));\n                monthlyElements.forEach(el => el.classList.remove('card-hidden'));\n                labelAnnual.classList.remove('active');\n                labelMonthly.classList.add('active');\n            }\n        }\n        \/\/ \u00c9couter le changement\n        toggle.addEventListener('change', updatePricing);\n        labelMonthly.addEventListener('click', () => {\n            toggle.checked = false;\n            updatePricing();\n        });\n        labelAnnual.addEventListener('click', () => {\n            toggle.checked = true;\n            updatePricing();\n        });\n        toggle.checked = false;\n        updatePricing();\n    });\n<\/script>\n\t\t\t\t<\/div>\n\t\t\t\t\t<\/div>\n\t\t\t\t<\/div>\n\t\t\t\t<\/div>\n\t\t<\/div>\n\t\t\t\t\t\t<\/div>\n\t\t\t\t<div class=\"elementor-element elementor-element-2770a0d elementor-widget elementor-widget-html\" data-id=\"2770a0d\" data-element_type=\"widget\" data-e-type=\"widget\" data-widget_type=\"html.default\">\n\t\t\t\t\t<div id=\"sso-message\"><\/div>\n<style>\n    #sso-message{\n        text-align: center;\n    }\n    .tarifs{\n        display: none;\n    }\n<\/style>\n\n<script>\ndocument.addEventListener(\"DOMContentLoaded\", function () {\n    const keycloak = this._keycloak = new Keycloak({\n      url: 'https:\/\/demo-sso.smartnina.io\/sso',\n      realm: 'nina_solutions',\n      clientId: 'sitevitrine',\n    });\n    console.log(\"keycloak\",keycloak);\n    keycloak.init({\n        onLoad: 'check-sso',\n        silentCheckSsoRedirectUri: 'https:\/\/nina.solutions\/wp-content\/uploads\/2025\/12\/silent-check-sso.html'\n    }).then(authenticated => {\n        console.log(\"connect\u00e9 ?\", authenticated);\n        if(!authenticated) {\n            let message = \"Veuillez vous connecter pour acc\u00e9der \u00e0 nos offres.\"\n            \/\/ <a href='https:\/\/demo-sso.smartnina.io\/sso\/realms\/nina_solutions\/protocol\/openid-connect\/auth?client_id=sitevitrine&redirect_uri=\"+window.location.href +\"&response_type=code id_token token'>\n            document.querySelector('#sso-message').innerHTML = message;\n            return;\n        }\n        \n        const user = keycloak.tokenParsed;\n        console.log(\"Nom :\", user.name);\n        \n        const hasNinaUser = user.resource_access?.['nina-tools-demo']?.roles?.includes('user');\n        const hasDemoportalDubbing = user.resource_access?.demoportal?.roles?.includes('dubbing');\n    \n        if (!hasNinaUser && !hasDemoportalDubbing){\n            let message = \"Veuillez vous connecter avec un compte autoris\u00e9 pour acc\u00e9der \u00e0 nos offres.\"\n            document.querySelector('#sso-message').innerHTML = message;\n            return;\n        }\n        \n        console.log('\u2705 Acc\u00e8s autoris\u00e9');\n        document.querySelector('.tarifs').style.display = 'block';\n    });\n});\n<\/script>\t\t\t\t<\/div>\n\t\t\t\t\t<\/div>\n\t\t\t\t<\/div>\n\t\t<div class=\"has_ae_slider elementor-element elementor-element-e482bc9 tarifs tarifs-tests e-flex e-con-boxed ae-bg-gallery-type-default e-con e-parent\" data-id=\"e482bc9\" data-element_type=\"container\" data-e-type=\"container\">\n\t\t\t\t\t<div class=\"e-con-inner\">\n\t\t<div class=\"has_ae_slider elementor-element elementor-element-bade8d7 e-con-full e-flex ae-bg-gallery-type-default e-con e-child\" data-id=\"bade8d7\" data-element_type=\"container\" data-e-type=\"container\">\n\t\t\t\t<div class=\"elementor-element elementor-element-a4fc7b6 elementor-widget elementor-widget-html\" data-id=\"a4fc7b6\" data-element_type=\"widget\" data-e-type=\"widget\" data-widget_type=\"html.default\">\n\t\t\t\t\t<h3 class=\"degrade jaune\">For freelancers<\/h3>\n<br>\n<div class=\"card-month\">\n    <div class=\"vue-checkout\" data-langue=\"en\" data-type-product=\"personal\" data-name=\"dub_prod\" data-product-id=\"prod_U36ilatn2gnF0d\"><\/div>\n<\/div>\n<div class=\"card-year card-hidden\">\n    <div class=\"vue-checkout\" data-langue=\"en\" data-type-product=\"personal\" data-name=\"dub_prod\" data-product-id=\"prod_U36ifSbr1MN9Ev\"><\/div>\n<\/div>\t\t\t\t<\/div>\n\t\t\t\t<\/div>\n\t\t<div class=\"has_ae_slider elementor-element elementor-element-5433f59 e-con-full e-flex ae-bg-gallery-type-default e-con e-child\" data-id=\"5433f59\" data-element_type=\"container\" data-e-type=\"container\">\n\t\t\t\t<div class=\"elementor-element elementor-element-60cdd20 elementor-widget elementor-widget-html\" data-id=\"60cdd20\" data-element_type=\"widget\" data-e-type=\"widget\" data-widget_type=\"html.default\">\n\t\t\t\t\t<h3 class=\"degrade jaune\">For studios<\/h3>\n<div style=\"text-align:center\"><small>Recommended package. Customizable upon subscription.<\/small><\/div>\n<br>\n<div class=\"card-month\">\n    <div class=\"vue-checkout\" data-langue=\"en\" data-type-product=\"company\" data-name=\"dub_prod\" data-product-id=\"prod_U36iGVQL4orErO,prod_U36iVkxSEhxTn4,prod_U36ig8Ne3BTLJK,prod_U36iwglwUXbfIv,prod_U36ivypaAnLgBt\"><\/div>\n<\/div>\n<div class=\"card-year card-hidden\">\n    <div class=\"vue-checkout\" data-langue=\"en\" data-type-product=\"company\" data-name=\"dub_prod\" data-product-id=\"prod_U36ifLkP8pgzPv,prod_U36ius40I1kHhA,prod_U36imidfNNAP7j,prod_U36iKU7aZFH8go,prod_U36iAZ9ZWaKyoc\"><\/div>\n<\/div>\t\t\t\t<\/div>\n\t\t\t\t<\/div>\n\t\t\t\t\t<\/div>\n\t\t\t\t<\/div>\n\t\t<div class=\"has_ae_slider elementor-element elementor-element-caaf2b4 tarifs tarifs-tests e-flex e-con-boxed ae-bg-gallery-type-default e-con e-parent\" data-id=\"caaf2b4\" data-element_type=\"container\" data-e-type=\"container\">\n\t\t\t\t\t<div class=\"e-con-inner\">\n\t\t<div class=\"has_ae_slider elementor-element elementor-element-e18abd9 e-con-full e-flex ae-bg-gallery-type-default e-con e-child\" data-id=\"e18abd9\" data-element_type=\"container\" data-e-type=\"container\">\n\t\t\t\t<div class=\"elementor-element elementor-element-3d478e3 elementor-widget elementor-widget-html\" data-id=\"3d478e3\" data-element_type=\"widget\" data-e-type=\"widget\" data-widget_type=\"html.default\">\n\t\t\t\t\t\n\ud83d\udcbb <div class=\"card-month\"><div class=\"vue-checkout\" data-langue=\"en\" data-type-product=\"personal\" data-name=\"dub_prod\" data-product-id=\"prod_U36ilatn2gnF0d\"><\/div><\/div>\n\ud83d\udcbb <div class=\"card-month\"><div class=\"vue-checkout\" data-langue=\"en\" data-type-product=\"personal\" data-name=\"dub-payg_prod\" data-product-id=\"prod_U36iW6FJho0SLa\"><\/div><\/div>\n\ud83d\udcbb <div class=\"card-year card-hidden\"><div class=\"vue-checkout\" data-langue=\"en\" data-type-product=\"personal\" data-name=\"dub_prod\" data-product-id=\"prod_U36ifSbr1MN9Ev\"><\/div><\/div>\n\n\n\ud83d\udcbb <div class=\"card-month\"><div class=\"vue-checkout\" data-langue=\"en\" data-type-product=\"personal\" data-name=\"sub_prod\" data-product-id=\"prod_U36izuPPcRH73z\"><\/div><\/div>\n\ud83d\udcbb <div class=\"card-month\"><div class=\"vue-checkout\" data-langue=\"en\" data-type-product=\"personal\" data-name=\"sub-payg_prod\" data-product-id=\"prod_U36itRDw5OC5M5\"><\/div><\/div>\n\ud83d\udcbb <div class=\"card-year card-hidden\"><div class=\"vue-checkout\" data-langue=\"en\" data-type-product=\"personal\" data-name=\"sub_prod\" data-product-id=\"prod_U36i5C3cUKW8th\"><\/div><\/div>\n\n\t\t\t\t<\/div>\n\t\t\t\t<\/div>\n\t\t<div class=\"has_ae_slider elementor-element elementor-element-cd88b88 e-con-full e-flex ae-bg-gallery-type-default e-con e-child\" data-id=\"cd88b88\" data-element_type=\"container\" data-e-type=\"container\">\n\t\t\t\t<div class=\"elementor-element elementor-element-98fe62a elementor-widget elementor-widget-html\" data-id=\"98fe62a\" data-element_type=\"widget\" data-e-type=\"widget\" data-widget_type=\"html.default\">\n\t\t\t\t\t\n\ud83d\udcbb <div class=\"card-month\"><div class=\"vue-checkout\" data-langue=\"en\" data-type-product=\"company\" data-name=\"dub_prod\" data-product-id=\"prod_U36iGVQL4orErO,prod_U36iVkxSEhxTn4,prod_U36ig8Ne3BTLJK,prod_U36iwglwUXbfIv,prod_U36ivypaAnLgBt\"><\/div><\/div>\n\ud83d\udcbb <div class=\"card-year card-hidden\"><div class=\"vue-checkout\" data-langue=\"en\" data-type-product=\"company\" data-name=\"dub_prod\" data-product-id=\"prod_U36ifLkP8pgzPv,prod_U36ius40I1kHhA,prod_U36imidfNNAP7j,prod_U36iKU7aZFH8go,prod_U36iAZ9ZWaKyoc\"><\/div><\/div>\n\ud83d\udcbb <div class=\"card-month\"><div class=\"vue-checkout\" data-langue=\"en\" data-type-product=\"company\" data-name=\"sub_prod\" data-product-id=\"prod_U36iGVQL4orErO,prod_U36iVkxSEhxTn4,,prod_U36iiKyGN4kieF\"><\/div><\/div>\n\ud83d\udcbb <div class=\"card-year card-hidden\"><div class=\"vue-checkout\" data-langue=\"en\" data-type-product=\"company\" data-name=\"sub_prod\" data-product-id=\"prod_U36ifLkP8pgzPv,prod_U36ius40I1kHhA,,prod_U36it79ADYGSkY\"><\/div><\/div>\t\t\t\t<\/div>\n\t\t\t\t<\/div>\n\t\t\t\t\t<\/div>\n\t\t\t\t<\/div>\n\t\t<div class=\"has_ae_slider elementor-element elementor-element-4e1e340 elementor-hidden-desktop elementor-hidden-tablet elementor-hidden-mobile e-flex e-con-boxed ae-bg-gallery-type-default e-con e-parent\" data-id=\"4e1e340\" data-element_type=\"container\" data-e-type=\"container\">\n\t\t\t\t\t<div class=\"e-con-inner\">\n\t\t\t\t<div class=\"elementor-element elementor-element-cf50417 elementor-widget elementor-widget-n-accordion\" data-id=\"cf50417\" data-element_type=\"widget\" data-e-type=\"widget\" data-settings=\"{&quot;default_state&quot;:&quot;expanded&quot;,&quot;max_items_expended&quot;:&quot;one&quot;,&quot;n_accordion_animation_duration&quot;:{&quot;unit&quot;:&quot;ms&quot;,&quot;size&quot;:400,&quot;sizes&quot;:[]}}\" data-widget_type=\"nested-accordion.default\">\n\t\t\t\t\t\t\t<div class=\"e-n-accordion\" aria-label=\"Accordion. Open links with Enter or Space, close with Escape, and navigate with Arrow Keys\">\n\t\t\t\t\t\t<details id=\"e-n-accordion-item-2170\" class=\"e-n-accordion-item\" open>\n\t\t\t\t<summary class=\"e-n-accordion-item-title\" data-accordion-index=\"1\" tabindex=\"0\" aria-expanded=\"true\" aria-controls=\"e-n-accordion-item-2170\" >\n\t\t\t\t\t<span class='e-n-accordion-item-title-header'><div class=\"e-n-accordion-item-title-text\"> Pourquoi une plateforme professionnelle ? <\/div><\/span>\n\t\t\t\t\t\t\t<span class='e-n-accordion-item-title-icon'>\n\t\t\t<span class='e-opened' ><i aria-hidden=\"true\" class=\"fas fa-minus\"><\/i><\/span>\n\t\t\t<span class='e-closed'><i aria-hidden=\"true\" class=\"fas fa-plus\"><\/i><\/span>\n\t\t<\/span>\n\n\t\t\t\t\t\t<\/summary>\n\t\t\t\t<div class=\"has_ae_slider elementor-element elementor-element-0705361 e-con-full e-flex ae-bg-gallery-type-default e-con e-child\" role=\"region\" aria-labelledby=\"e-n-accordion-item-2170\" data-id=\"0705361\" data-element_type=\"container\" data-e-type=\"container\">\n\t\t\t\t<div class=\"elementor-element elementor-element-8a19b70 elementor-widget elementor-widget-text-editor\" data-id=\"8a19b70\" data-element_type=\"widget\" data-e-type=\"widget\" data-widget_type=\"text-editor.default\">\n\t\t\t\t\t\t\t\t\t<p>La plateforme en ligne r\u00e9pond aux exigences strictes de s\u00e9curit\u00e9 et de protection des contenus des Majors.<br \/>Elle garantit un service fiable (pas besoin de stocker ou backuper vos projets) et pr\u00e9serve le travail cr\u00e9atif (ce n&#8217;est pas le r\u00f4le de l&#8217;IA).<\/p>\t\t\t\t\t\t\t\t<\/div>\n\t\t\t\t<\/div>\n\t\t\t\t\t<\/details>\n\t\t\t\t\t\t<details id=\"e-n-accordion-item-2171\" class=\"e-n-accordion-item\" >\n\t\t\t\t<summary class=\"e-n-accordion-item-title\" data-accordion-index=\"2\" tabindex=\"-1\" aria-expanded=\"false\" aria-controls=\"e-n-accordion-item-2171\" >\n\t\t\t\t\t<span class='e-n-accordion-item-title-header'><div class=\"e-n-accordion-item-title-text\"> Pourquoi des abonnement mensuels ou annuels ? <\/div><\/span>\n\t\t\t\t\t\t\t<span class='e-n-accordion-item-title-icon'>\n\t\t\t<span class='e-opened' ><i aria-hidden=\"true\" class=\"fas fa-minus\"><\/i><\/span>\n\t\t\t<span class='e-closed'><i aria-hidden=\"true\" class=\"fas fa-plus\"><\/i><\/span>\n\t\t<\/span>\n\n\t\t\t\t\t\t<\/summary>\n\t\t\t\t<div class=\"has_ae_slider elementor-element elementor-element-ac30f0c e-con-full e-flex ae-bg-gallery-type-default e-con e-child\" role=\"region\" aria-labelledby=\"e-n-accordion-item-2171\" data-id=\"ac30f0c\" data-element_type=\"container\" data-e-type=\"container\">\n\t\t\t\t<div class=\"elementor-element elementor-element-acfd03d elementor-widget elementor-widget-text-editor\" data-id=\"acfd03d\" data-element_type=\"widget\" data-e-type=\"widget\" data-widget_type=\"text-editor.default\">\n\t\t\t\t\t\t\t\t\t<p>Simplicit\u00e9, \u00e9quit\u00e9 et p\u00e9rennit\u00e9 : tout le monde b\u00e9n\u00e9ficie de la version la plus r\u00e9cente (sans mises \u00e0 niveau payantes, sans version obsol\u00e8te),<br \/>tous les utilisateurs ont acc\u00e8s aux m\u00eames fonctionnalit\u00e9s.<br \/><br \/>L\u2019abonnement mensuel inclut une remise \u00e9quivalente \u00e0 2 mois offerts, ce qui le rend plus avantageux sur la dur\u00e9e.<\/p>\t\t\t\t\t\t\t\t<\/div>\n\t\t\t\t<\/div>\n\t\t\t\t\t<\/details>\n\t\t\t\t\t\t<details id=\"e-n-accordion-item-2172\" class=\"e-n-accordion-item\" >\n\t\t\t\t<summary class=\"e-n-accordion-item-title\" data-accordion-index=\"3\" tabindex=\"-1\" aria-expanded=\"false\" aria-controls=\"e-n-accordion-item-2172\" >\n\t\t\t\t\t<span class='e-n-accordion-item-title-header'><div class=\"e-n-accordion-item-title-text\"> Comment fonctionne la facturation des projets ? <\/div><\/span>\n\t\t\t\t\t\t\t<span class='e-n-accordion-item-title-icon'>\n\t\t\t<span class='e-opened' ><i aria-hidden=\"true\" class=\"fas fa-minus\"><\/i><\/span>\n\t\t\t<span class='e-closed'><i aria-hidden=\"true\" class=\"fas fa-plus\"><\/i><\/span>\n\t\t<\/span>\n\n\t\t\t\t\t\t<\/summary>\n\t\t\t\t<div class=\"has_ae_slider elementor-element elementor-element-a006bc1 e-con-full e-flex ae-bg-gallery-type-default e-con e-child\" role=\"region\" aria-labelledby=\"e-n-accordion-item-2172\" data-id=\"a006bc1\" data-element_type=\"container\" data-e-type=\"container\">\n\t\t\t\t<div class=\"elementor-element elementor-element-670c6c0 elementor-widget elementor-widget-text-editor\" data-id=\"670c6c0\" data-element_type=\"widget\" data-e-type=\"widget\" data-widget_type=\"text-editor.default\">\n\t\t\t\t\t\t\t\t\t<p>Les projets partag\u00e9s par les Studios sont accessibles en illimit\u00e9, sans co\u00fbt suppl\u00e9mentaire.<br \/>Seuls les projets que vous cr\u00e9ez sont factur\u00e9s \u00e0 la minute, en fonction de la dur\u00e9e du m\u00e9dia import\u00e9.<\/p>\t\t\t\t\t\t\t\t<\/div>\n\t\t\t\t<\/div>\n\t\t\t\t\t<\/details>\n\t\t\t\t\t<\/div>\n\t\t\t\t\t\t<\/div>\n\t\t\t\t\t<\/div>\n\t\t\t\t<\/div>\n\t\t\t\t<\/div>\n\t\t","protected":false},"excerpt":{"rendered":"<p>For freelancers For studios Recommended package. Customizable upon subscription. \ud83d\udcbb \ud83d\udcbb \ud83d\udcbb \ud83d\udcbb \ud83d\udcbb \ud83d\udcbb \ud83d\udcbb \ud83d\udcbb \ud83d\udcbb \ud83d\udcbb Pourquoi une plateforme professionnelle ? La plateforme en ligne r\u00e9pond aux exigences strictes de s\u00e9curit\u00e9 et de protection des contenus des Majors.Elle garantit un service fiable (pas besoin de stocker ou backuper vos projets) et pr\u00e9serve &#8230; <a title=\"Card Prod\" class=\"read-more\" href=\"https:\/\/nina.solutions\/en\/card-prod\/\" aria-label=\"Read more about Card Prod\">Read more<\/a><\/p>\n","protected":false},"author":6,"featured_media":0,"parent":0,"menu_order":0,"comment_status":"closed","ping_status":"closed","template":"","meta":{"footnotes":""},"class_list":["post-20234","page","type-page","status-publish"],"_links":{"self":[{"href":"https:\/\/nina.solutions\/en\/wp-json\/wp\/v2\/pages\/20234","targetHints":{"allow":["GET"]}}],"collection":[{"href":"https:\/\/nina.solutions\/en\/wp-json\/wp\/v2\/pages"}],"about":[{"href":"https:\/\/nina.solutions\/en\/wp-json\/wp\/v2\/types\/page"}],"author":[{"embeddable":true,"href":"https:\/\/nina.solutions\/en\/wp-json\/wp\/v2\/users\/6"}],"replies":[{"embeddable":true,"href":"https:\/\/nina.solutions\/en\/wp-json\/wp\/v2\/comments?post=20234"}],"version-history":[{"count":91,"href":"https:\/\/nina.solutions\/en\/wp-json\/wp\/v2\/pages\/20234\/revisions"}],"predecessor-version":[{"id":20398,"href":"https:\/\/nina.solutions\/en\/wp-json\/wp\/v2\/pages\/20234\/revisions\/20398"}],"wp:attachment":[{"href":"https:\/\/nina.solutions\/en\/wp-json\/wp\/v2\/media?parent=20234"}],"curies":[{"name":"wp","href":"https:\/\/api.w.org\/{rel}","templated":true}]}}