{"id":20179,"date":"2025-10-03T11:17:39","date_gmt":"2025-10-03T09:17:39","guid":{"rendered":"https:\/\/nina.solutions\/education\/"},"modified":"2026-04-09T12:54:51","modified_gmt":"2026-04-09T10:54:51","slug":"education","status":"publish","type":"page","link":"https:\/\/nina.solutions\/fr\/education\/","title":{"rendered":"Education"},"content":{"rendered":"\t\t<div data-elementor-type=\"wp-post\" data-elementor-id=\"20179\" class=\"elementor elementor-20179 elementor-17403\" data-elementor-post-type=\"page\">\n\t\t\t\t\t\t<section class=\"has_ae_slider elementor-section elementor-top-section elementor-element elementor-element-f8ecfb2 elementor-section-stretched elementor-section-content-middle  bg-light pt-30 elementor-section-full_width elementor-section-height-default elementor-section-height-default ae-bg-gallery-type-default\" data-id=\"f8ecfb2\" data-element_type=\"section\" data-e-type=\"section\" data-settings=\"{&quot;stretch_section&quot;:&quot;section-stretched&quot;,&quot;animation&quot;:&quot;none&quot;}\">\n\t\t\t\t\t\t\t<div class=\"elementor-background-overlay\"><\/div>\n\t\t\t\t\t\t\t<div class=\"elementor-container elementor-column-gap-wide\">\n\t\t\t\t\t<section class=\"has_ae_slider elementor-column elementor-col-100 elementor-top-column elementor-element elementor-element-e295007 ae-bg-gallery-type-default\" data-id=\"e295007\" data-element_type=\"column\" data-e-type=\"column\">\n\t\t\t<div class=\"elementor-widget-wrap elementor-element-populated\">\n\t\t\t\t\t\t\t\t\t\n\t\t<img class=\"e-image-base e-1b487f0-8e9dba3 e-4718245-59d0a68 e-9a936d3-ac27032\" \n\t\t\t\t\tdata-interaction-id=\"9a936d3\" \n\t\t \n\t\t data-e-type=\"widget\" data-id=\"9a936d3\"\n\t\t\t\t\t\t\t\t\tid=\"17506\"\n\t\t\t\t\t\t\t\t\t\t\t\tsrc=\"https:\/\/nina.solutions\/wp-content\/uploads\/2025\/10\/home-education-def.jpeg\"\n\t\t\t\t\t\t\t\t\t\t\t\twidth=\"1300\"\n\t\t\t\t\t\t\t\t\t\t\t\theight=\"736\"\n\t\t\t\t\t\t\t\t\t\t\t\tsrcset=\"https:\/\/nina.solutions\/wp-content\/uploads\/2025\/10\/home-education-def.jpeg 1300w, https:\/\/nina.solutions\/wp-content\/uploads\/2025\/10\/home-education-def-300x170.jpeg 300w, https:\/\/nina.solutions\/wp-content\/uploads\/2025\/10\/home-education-def-1024x580.jpeg 1024w, https:\/\/nina.solutions\/wp-content\/uploads\/2025\/10\/home-education-def-768x435.jpeg 768w\"\n\t\t\t\t\t\t\t\t\t\t\t\talt=\"\"\n\t\t\t\t\t\t\/>\n\t\t\t\t\t\t<\/div>\n\t\t<\/section>\n\t\t\t\t\t<\/div>\n\t\t<\/section>\n\t\t\t\t<section class=\"has_ae_slider elementor-section elementor-top-section elementor-element elementor-element-9a413d2 elementor-section-stretched elementor-section-content-middle  bg-light pt-100 elementor-section-boxed elementor-section-height-default elementor-section-height-default ae-bg-gallery-type-default\" data-id=\"9a413d2\" data-element_type=\"section\" data-e-type=\"section\" data-settings=\"{&quot;stretch_section&quot;:&quot;section-stretched&quot;,&quot;animation&quot;:&quot;none&quot;}\">\n\t\t\t\t\t\t\t<div class=\"elementor-background-overlay\"><\/div>\n\t\t\t\t\t\t\t<div class=\"elementor-container elementor-column-gap-wide\">\n\t\t\t\t\t<div class=\"has_ae_slider elementor-column elementor-col-100 elementor-top-column elementor-element elementor-element-6da95b9 ae-bg-gallery-type-default\" data-id=\"6da95b9\" data-element_type=\"column\" data-e-type=\"column\">\n\t\t\t<div class=\"elementor-widget-wrap elementor-element-populated\">\n\t\t\t\t\t\t<div class=\"elementor-element elementor-element-2c5fb5b elementor-widget elementor-widget-heading\" data-id=\"2c5fb5b\" data-element_type=\"widget\" data-e-type=\"widget\" data-widget_type=\"heading.default\">\n\t\t\t\t\t<div class=\"elementor-heading-title elementor-size-default\">NINA \u00c9ducation, <span>Acqu\u00e9rir un savoir\u2011faire<\/span><\/div>\t\t\t\t<\/div>\n\t\t\t\t<div class=\"elementor-element elementor-element-f2ab136 elementor-widget elementor-widget-html\" data-id=\"f2ab136\" data-element_type=\"widget\" data-e-type=\"widget\" data-widget_type=\"html.default\">\n\t\t\t\t\t<div class=\"info bleugris\">\n    <span>La technologie n'est rien sans celles et ceux qui la ma\u00eetrisent.<\/span>\n   <div class=\"bleugris\">Apprenez \u00e0 manier les outils pour transformez la technique en expertise et la pratique en cr\u00e9ativit\u00e9. Chaque outil devient un v\u00e9ritable levier artistique.\n   <\/div>\n<\/div>\t\t\t\t<\/div>\n\t\t<div class=\"has_ae_slider elementor-element elementor-element-6b10bb6 pt-30 e-flex e-con-boxed ae-bg-gallery-type-default e-con e-parent\" data-id=\"6b10bb6\" data-element_type=\"container\" data-e-type=\"container\">\n\t\t\t\t\t<div class=\"e-con-inner\">\n\t\t<div class=\"has_ae_slider elementor-element elementor-element-a312ae7 e-con-full e-flex ae-bg-gallery-type-default e-con e-child\" data-id=\"a312ae7\" data-element_type=\"container\" data-e-type=\"container\" data-settings=\"{&quot;background_background&quot;:&quot;classic&quot;}\">\n\t\t<div class=\"has_ae_slider elementor-element elementor-element-b133a49 e-con-full e-flex ae-bg-gallery-type-default e-con e-child\" data-id=\"b133a49\" data-element_type=\"container\" data-e-type=\"container\" data-settings=\"{&quot;background_background&quot;:&quot;classic&quot;}\">\n\t\t\t\t<div class=\"elementor-element elementor-element-f9ca925 elementor-widget elementor-widget-html\" data-id=\"f9ca925\" data-element_type=\"widget\" data-e-type=\"widget\" data-widget_type=\"html.default\">\n\t\t\t\t\t<h3 class=\"degrade jaune\">\n    <svg xmlns=\"http:\/\/www.w3.org\/2000\/svg\" viewBox=\"0 0 640 640\" height=\"30px\"><path fill=\"#fdcc88\" d=\"M484.3 88.9L442.3 130.9L448.6 168.7L496.9 120.4L484.3 88.9zM503.7 229.3L443.3 219.2L331.2 331.3C325 337.5 314.8 337.5 308.6 331.3C302.4 325.1 302.4 314.9 308.6 308.7L420.7 196.6L410.6 136.2C408.9 126 412.2 115.6 419.5 108.3L478.7 49.1C487 41 500.8 43.9 505 54.5L528 112L585.5 135C596.2 139.3 599 153 590.9 161.2L531.7 220.4C524.4 227.7 514 231 503.8 229.3zM519.5 143.1L471.2 191.4L509 197.7L551 155.7L519.5 143.1zM320 64C343.3 64 365.8 67.1 387.2 72.9L385.7 74.4C378 82.1 372 91.3 368 101.1C352.5 97.7 336.5 95.9 320 95.9C196.3 95.9 96 196.2 96 319.9C96 443.6 196.3 544 320 544C443.7 544 544 443.7 544 320C544 303.5 542.2 287.4 538.8 272C548.7 268 557.8 262.1 565.5 254.3L567 252.8C572.8 274.2 575.9 296.7 575.9 320C575.9 461.4 461.3 576 319.9 576C178.5 576 64 461.4 64 320C64 178.6 178.6 64 320 64zM320 160C336.4 160 352.3 162.5 367.2 167.1L369.4 180.2L353.2 196.4C342.6 193.6 331.5 192.1 320 192.1C249.3 192.1 192 249.4 192 320.1C192 390.8 249.3 448.1 320 448.1C390.7 448.1 448 390.8 448 320.1C448 308.6 446.5 297.5 443.7 286.9L459.9 270.7L473 272.9C477.6 287.8 480.1 303.7 480.1 320.1C480.1 408.5 408.5 480.1 320.1 480.1C231.7 480.1 160 408.4 160 320C160 231.6 231.7 160 320 160z\"><\/path><\/svg>\n    Sur le terrain<\/h3>\n<div class=\"bleugris\">B\u00e9n\u00e9ficiez d\u2019une exp\u00e9rience ancr\u00e9e dans la pratique des m\u00e9tiers d\u2019aujourd\u2019hui.<\/div>\t\t\t\t<\/div>\n\t\t\t\t<\/div>\n\t\t\t\t<\/div>\n\t\t<div class=\"has_ae_slider elementor-element elementor-element-7601b67 e-con-full e-flex ae-bg-gallery-type-default e-con e-child\" data-id=\"7601b67\" data-element_type=\"container\" data-e-type=\"container\" data-settings=\"{&quot;background_background&quot;:&quot;classic&quot;}\">\n\t\t<div class=\"has_ae_slider elementor-element elementor-element-cca4063 e-con-full e-flex ae-bg-gallery-type-default e-con e-child\" data-id=\"cca4063\" data-element_type=\"container\" data-e-type=\"container\" data-settings=\"{&quot;background_background&quot;:&quot;classic&quot;}\">\n\t\t\t\t<div class=\"elementor-element elementor-element-bf60194 elementor-widget elementor-widget-html\" data-id=\"bf60194\" data-element_type=\"widget\" data-e-type=\"widget\" data-widget_type=\"html.default\">\n\t\t\t\t\t<h3 class=\"degrade rouge\">\n    <svg xmlns=\"http:\/\/www.w3.org\/2000\/svg\" viewBox=\"0 0 640 640\" height=\"30px\"><path fill=\"#e35658\" d=\"M306.9 75.4C315.5 73.3 324.4 73.3 333 75.4L485.7 112L333.1 148.6C324.5 150.7 315.6 150.7 307 148.6L154.3 112L306.9 75.4zM340.5 44.3C327 41 313 41 299.5 44.2L114.4 88.7C103.6 91.3 96 100.9 96 112C96 122.3 102.5 131.3 112 134.6L112 205.7L80.6 315.5C79.2 320.3 80.2 325.5 83.2 329.5C86.2 333.5 91 336 96 336L160 336C165 336 169.8 333.6 172.8 329.6C175.8 325.6 176.8 320.4 175.4 315.6L144 205.8L144 142.4L192 154L192 208C192 278.7 249.3 336 320 336C390.7 336 448 278.7 448 208L448 154L525.6 135.4C536.4 132.7 544 123.1 544 112C544 100.9 536.4 91.3 525.6 88.7L340.5 44.2zM416 161.6L416 208C416 261 373 304 320 304C267 304 224 261 224 208L224 161.6L299.5 179.7C313 182.9 327.1 182.9 340.6 179.7L416 161.6zM128 266.2L138.8 304L117.2 304L128 266.2zM236.8 371.5C156.5 387.8 96 458.8 96 544L96 560C96 568.8 103.2 576 112 576C120.8 576 128 568.8 128 560L128 544C128 477.6 173 421.6 234.2 405L304 485.9L304 560C304 568.8 311.2 576 320 576C328.8 576 336 568.8 336 560L336 485.9L405.8 405C467 421.6 512 477.6 512 544L512 560C512 568.8 519.2 576 528 576C536.8 576 544 568.8 544 560L544 544C544 458.8 483.5 387.8 403.2 371.5C397.5 370.3 391.7 372.4 387.9 376.7L320 455.4L252.1 376.7C248.3 372.3 242.5 370.3 236.8 371.5z\"><\/path><\/svg>\n    Par des pro<\/h3>\n<div class=\"bleugris\">Formations dispens\u00e9es par des professionnels experts qui exercent dans l\u2019audiovisuel.<\/div>\t\t\t\t<\/div>\n\t\t\t\t<\/div>\n\t\t\t\t<\/div>\n\t\t<div class=\"has_ae_slider elementor-element elementor-element-dda9b55 e-con-full e-flex ae-bg-gallery-type-default e-con e-child\" data-id=\"dda9b55\" data-element_type=\"container\" data-e-type=\"container\" data-settings=\"{&quot;background_background&quot;:&quot;classic&quot;}\">\n\t\t<div class=\"has_ae_slider elementor-element elementor-element-01f4363 e-con-full e-flex ae-bg-gallery-type-default e-con e-child\" data-id=\"01f4363\" data-element_type=\"container\" data-e-type=\"container\" data-settings=\"{&quot;background_background&quot;:&quot;classic&quot;}\">\n\t\t\t\t<div class=\"elementor-element elementor-element-8420499 elementor-widget elementor-widget-html\" data-id=\"8420499\" data-element_type=\"widget\" data-e-type=\"widget\" data-widget_type=\"html.default\">\n\t\t\t\t\t<h3 class=\"degrade violet\">\n    <svg xmlns=\"http:\/\/www.w3.org\/2000\/svg\" viewBox=\"0 0 640 640\" height=\"30px\"><path fill=\"#a760b7\" d=\"M160 160C177.7 160 192 145.7 192 128C192 110.3 177.7 96 160 96C142.3 96 128 110.3 128 128C128 145.7 142.3 160 160 160zM160 64C195.3 64 224 92.7 224 128C224 163.3 195.3 192 160 192C124.7 192 96 163.3 96 128C96 92.7 124.7 64 160 64zM192 256L128 256C110.3 256 96 270.3 96 288L96 352C96 369.7 110.3 384 128 384L192 384C192.3 384 192.5 384 192.8 384L224 415.2L224 560C224 568.8 216.8 576 208 576C199.2 576 192 568.8 192 560L192 416L128 416L128 560C128 568.8 120.8 576 112 576C103.2 576 96 568.8 96 560L96 407.4C76.9 396.4 64 375.7 64 352L64 288C64 252.7 92.7 224 128 224L192 224C201.6 224 210.7 226.1 218.9 229.9L192.8 256C192.5 256 192.3 256 192 256zM416 560L416 415.2L447.2 384C447.5 384 447.7 384 448 384L512 384C529.7 384 544 369.7 544 352L544 288C544 270.3 529.7 256 512 256L448 256C447.7 256 447.5 256 447.2 256L421.1 229.9C429.3 226.1 438.4 224 448 224L512 224C547.3 224 576 252.7 576 288L576 352C576 375.7 563.1 396.4 544 407.4L544 560C544 568.8 536.8 576 528 576C519.2 576 512 568.8 512 560L512 416L448 416L448 560C448 568.8 440.8 576 432 576C423.2 576 416 568.8 416 560zM480 160C497.7 160 512 145.7 512 128C512 110.3 497.7 96 480 96C462.3 96 448 110.3 448 128C448 145.7 462.3 160 480 160zM480 64C515.3 64 544 92.7 544 128C544 163.3 515.3 192 480 192C444.7 192 416 163.3 416 128C416 92.7 444.7 64 480 64zM246.6 304L393.3 304L356.6 267.3C350.4 261.1 350.4 250.9 356.6 244.7C362.8 238.5 373 238.5 379.2 244.7L443.2 308.7C449.4 314.9 449.4 325.1 443.2 331.3L379.2 395.3C373 401.5 362.8 401.5 356.6 395.3C350.4 389.1 350.4 378.9 356.6 372.7L393.3 336L246.6 336L283.3 372.7C289.5 378.9 289.5 389.1 283.3 395.3C277.1 401.5 266.9 401.5 260.7 395.3L196.7 331.3C190.5 325.1 190.5 314.9 196.7 308.7L260.7 244.7C266.9 238.5 277.1 238.5 283.3 244.7C289.5 250.9 289.5 261.1 283.3 267.3L246.6 304z\"><\/path><\/svg>\n    Pour des pro<\/h3>\n<div class=\"bleugris\">Pens\u00e9es pour les experts du secteur : perfectionner ses comp\u00e9tences et ses m\u00e9thodes.<\/div>\t\t\t\t<\/div>\n\t\t\t\t<\/div>\n\t\t\t\t<\/div>\n\t\t<div class=\"has_ae_slider elementor-element elementor-element-4f054d9 e-con-full e-flex ae-bg-gallery-type-default e-con e-child\" data-id=\"4f054d9\" data-element_type=\"container\" data-e-type=\"container\" data-settings=\"{&quot;background_background&quot;:&quot;classic&quot;}\">\n\t\t<div class=\"has_ae_slider elementor-element elementor-element-b200129 e-con-full e-flex ae-bg-gallery-type-default e-con e-child\" data-id=\"b200129\" data-element_type=\"container\" data-e-type=\"container\" data-settings=\"{&quot;background_background&quot;:&quot;classic&quot;}\">\n\t\t\t\t<div class=\"elementor-element elementor-element-81b6e9c elementor-widget elementor-widget-html\" data-id=\"81b6e9c\" data-element_type=\"widget\" data-e-type=\"widget\" data-widget_type=\"html.default\">\n\t\t\t\t\t<h3 class=\"degrade bleu1\">\n    <svg xmlns=\"http:\/\/www.w3.org\/2000\/svg\" viewBox=\"0 0 640 640\" height=\"30px\"><path fill=\"#5494e8\" d=\"M192 96C186.8 96 181.9 98.5 178.9 102.8L66.9 262.8C62.6 269 63.2 277.4 68.3 282.9L308.3 538.9C311.3 542.1 315.5 544 320 544C324.5 544 328.6 542.2 331.7 538.9L571.7 282.9C576.9 277.4 577.5 269 573.1 262.8L461.1 102.8C458.1 98.5 453.2 96 448 96L192 96zM192.9 138.7L286.8 256L110.8 256L192.9 138.7zM116.9 288L523.1 288L320 504.6L116.9 288zM529.2 256L353.2 256L447.1 138.7L529.2 256zM414.7 128L320 246.4L225.3 128L414.7 128z\"><\/path><\/svg>\n    Savoir-faire<\/h3>\n<div class=\"bleugris\">Acc\u00e9dez aux outils et aux m\u00e9thodes pour anticiper les m\u00e9tiers et techniques de demain.<\/div>\t\t\t\t<\/div>\n\t\t\t\t<\/div>\n\t\t\t\t<\/div>\n\t\t\t\t\t<\/div>\n\t\t\t\t<\/div>\n\t\t\t\t\t<\/div>\n\t\t<\/div>\n\t\t\t\t\t<\/div>\n\t\t<\/section>\n\t\t\t\t<section class=\"has_ae_slider elementor-section elementor-top-section elementor-element elementor-element-3a6f67d elementor-section-stretched elementor-section-content-top  bg-light pt-100 pb-100 elementor-section-boxed elementor-section-height-default elementor-section-height-default ae-bg-gallery-type-default\" data-id=\"3a6f67d\" data-element_type=\"section\" data-e-type=\"section\" data-settings=\"{&quot;stretch_section&quot;:&quot;section-stretched&quot;,&quot;animation&quot;:&quot;none&quot;}\">\n\t\t\t\t\t\t\t<div class=\"elementor-background-overlay\"><\/div>\n\t\t\t\t\t\t\t<div class=\"elementor-container elementor-column-gap-wide\">\n\t\t\t\t\t<div class=\"has_ae_slider elementor-column elementor-col-50 elementor-top-column elementor-element elementor-element-db01c61 ae-bg-gallery-type-default\" data-id=\"db01c61\" data-element_type=\"column\" data-e-type=\"column\">\n\t\t\t<div class=\"elementor-widget-wrap elementor-element-populated\">\n\t\t\t\t\t\t<div class=\"elementor-element elementor-element-5b5f2e7 elementor-widget elementor-widget-image-carousel\" data-id=\"5b5f2e7\" data-element_type=\"widget\" data-e-type=\"widget\" data-settings=\"{&quot;slides_to_show&quot;:&quot;1&quot;,&quot;navigation&quot;:&quot;none&quot;,&quot;autoplay_speed&quot;:600,&quot;effect&quot;:&quot;fade&quot;,&quot;speed&quot;:4000,&quot;autoplay&quot;:&quot;yes&quot;,&quot;pause_on_hover&quot;:&quot;yes&quot;,&quot;pause_on_interaction&quot;:&quot;yes&quot;,&quot;infinite&quot;:&quot;yes&quot;}\" data-widget_type=\"image-carousel.default\">\n\t\t\t\t\t\t\t<div class=\"elementor-image-carousel-wrapper swiper\" role=\"region\" aria-roledescription=\"carousel\" aria-label=\"Carrousel d\u2019images\" dir=\"ltr\">\n\t\t\t<div class=\"elementor-image-carousel swiper-wrapper\" aria-live=\"off\">\n\t\t\t\t\t\t\t\t<div class=\"swiper-slide\" role=\"group\" aria-roledescription=\"slide\" aria-label=\"1 sur 1\"><figure class=\"swiper-slide-inner\"><img decoding=\"async\" class=\"swiper-slide-image\" src=\"https:\/\/nina.solutions\/wp-content\/uploads\/2026\/04\/header-education-4-3.jpg\" alt=\"header-education-4-3.jpg\" \/><\/figure><\/div>\t\t\t<\/div>\n\t\t\t\t\t<\/div>\n\t\t\t\t\t\t<\/div>\n\t\t\t\t<div class=\"elementor-element elementor-element-80836c0 elementor-widget elementor-widget-html\" data-id=\"80836c0\" data-element_type=\"widget\" data-e-type=\"widget\" data-widget_type=\"html.default\">\n\t\t\t\t\t<h1 class=\"bleugris\">Centres de formation<\/h1>\n<p class=\"info bleugris\">\n    <span>Faites de NINA votre alli\u00e9 pour former les cr\u00e9ateurs de demain. Ensemble, formons, innovons, cr\u00e9ons.<\/span>\n<\/p>\n<p  class=\"bleugris\">Devenez partenaire et contribuez \u00e0 former les nouveaux talents aux outils NINA.<\/p>\n<div class=\"bleugris\">En int\u00e9grant nos applications et nos m\u00e9thodes dans vos cursus, offrez \u00e0 vos apprenants une ma\u00eetrise concr\u00e8te des outils de l\u2019audiovisuel et diffusez des pratiques professionnelles reconnues par l\u2019industrie.<\/div>\t\t\t\t<\/div>\n\t\t\t\t<div class=\"elementor-element elementor-element-9a5a629 elementor-align-center pt-30 elementor-widget elementor-widget-button\" data-id=\"9a5a629\" data-element_type=\"widget\" data-e-type=\"widget\" data-widget_type=\"button.default\">\n\t\t\t\t\t\t\t\t\t\t<a class=\"elementor-button elementor-button-link elementor-size-sm\" href=\"#elementor-action%3Aaction%3Dpopup%3Aopen%26settings%3DeyJpZCI6MTg2NjQsInRvZ2dsZSI6ZmFsc2V9\">\n\t\t\t\t\t\t<span class=\"elementor-button-content-wrapper\">\n\t\t\t\t\t\t\t\t\t<span class=\"elementor-button-text\">Rejoignez l\u2019exp\u00e9rience NINA<\/span>\n\t\t\t\t\t<\/span>\n\t\t\t\t\t<\/a>\n\t\t\t\t\t\t\t\t<\/div>\n\t\t\t\t\t<\/div>\n\t\t<\/div>\n\t\t\t\t<div class=\"has_ae_slider elementor-column elementor-col-50 elementor-top-column elementor-element elementor-element-d84b3d8 ae-bg-gallery-type-default\" data-id=\"d84b3d8\" data-element_type=\"column\" data-e-type=\"column\">\n\t\t\t<div class=\"elementor-widget-wrap elementor-element-populated\">\n\t\t\t\t\t\t<div class=\"elementor-element elementor-element-9639d0b elementor-widget elementor-widget-image-carousel\" data-id=\"9639d0b\" data-element_type=\"widget\" data-e-type=\"widget\" data-settings=\"{&quot;slides_to_show&quot;:&quot;1&quot;,&quot;navigation&quot;:&quot;none&quot;,&quot;autoplay_speed&quot;:600,&quot;effect&quot;:&quot;fade&quot;,&quot;speed&quot;:4000,&quot;autoplay&quot;:&quot;yes&quot;,&quot;pause_on_hover&quot;:&quot;yes&quot;,&quot;pause_on_interaction&quot;:&quot;yes&quot;,&quot;infinite&quot;:&quot;yes&quot;}\" data-widget_type=\"image-carousel.default\">\n\t\t\t\t\t\t\t<div class=\"elementor-image-carousel-wrapper swiper\" role=\"region\" aria-roledescription=\"carousel\" aria-label=\"Carrousel d\u2019images\" dir=\"ltr\">\n\t\t\t<div class=\"elementor-image-carousel swiper-wrapper\" aria-live=\"off\">\n\t\t\t\t\t\t\t\t<div class=\"swiper-slide\" role=\"group\" aria-roledescription=\"slide\" aria-label=\"1 sur 1\"><figure class=\"swiper-slide-inner\"><img decoding=\"async\" class=\"swiper-slide-image\" src=\"https:\/\/nina.solutions\/wp-content\/uploads\/2025\/12\/header-education-3.jpg\" alt=\"header-education-3.jpg\" \/><\/figure><\/div>\t\t\t<\/div>\n\t\t\t\t\t<\/div>\n\t\t\t\t\t\t<\/div>\n\t\t\t\t<div class=\"elementor-element elementor-element-57124b3 elementor-widget elementor-widget-html\" data-id=\"57124b3\" data-element_type=\"widget\" data-e-type=\"widget\" data-widget_type=\"html.default\">\n\t\t\t\t\t<h1 class=\"bleugris\">\u00c9tudiants<\/h1>\n<p class=\"info bleugris\">\n    <span>Vivez l\u2019audiovisuel comme un pro, d\u00e8s vos \u00e9tudes. D\u00e9couvrez les outils, les process et les m\u00e9thodes qui vous pr\u00e9parent aux m\u00e9tiers de demain.<\/span>\n<\/p>\n<p class=\"bleugris\">D\u00e9veloppez d\u00e8s aujourd\u2019hui votre expertise recherch\u00e9e sur le march\u00e9 : plongez au c\u0153ur des m\u00e9tiers de la localisation et de la postproduction.<\/p>\n<div class=\"bleugris\">Prenez une longueur d\u2019avance pour vos projets et votre carri\u00e8re.<\/div>\t\t\t\t<\/div>\n\t\t\t\t<div class=\"elementor-element elementor-element-3038626 elementor-align-center pt-30 elementor-widget elementor-widget-button\" data-id=\"3038626\" data-element_type=\"widget\" data-e-type=\"widget\" data-widget_type=\"button.default\">\n\t\t\t\t\t\t\t\t\t\t<a class=\"elementor-button elementor-button-link elementor-size-sm\" href=\"#elementor-action%3Aaction%3Dpopup%3Aopen%26settings%3DeyJpZCI6MTg2NjQsInRvZ2dsZSI6ZmFsc2V9\">\n\t\t\t\t\t\t<span class=\"elementor-button-content-wrapper\">\n\t\t\t\t\t\t\t\t\t<span class=\"elementor-button-text\">Commencez avec NINA<\/span>\n\t\t\t\t\t<\/span>\n\t\t\t\t\t<\/a>\n\t\t\t\t\t\t\t\t<\/div>\n\t\t\t\t\t<\/div>\n\t\t<\/div>\n\t\t\t\t\t<\/div>\n\t\t<\/section>\n\t\t\t\t<section class=\"has_ae_slider elementor-section elementor-top-section elementor-element elementor-element-5d3171f elementor-section-stretched elementor-section-content-middle  bg-light pt-100 pb-100 elementor-section-boxed elementor-section-height-default elementor-section-height-default ae-bg-gallery-type-default\" data-id=\"5d3171f\" data-element_type=\"section\" data-e-type=\"section\" data-settings=\"{&quot;stretch_section&quot;:&quot;section-stretched&quot;,&quot;animation&quot;:&quot;none&quot;}\">\n\t\t\t\t\t\t\t<div class=\"elementor-background-overlay\"><\/div>\n\t\t\t\t\t\t\t<div class=\"elementor-container elementor-column-gap-wide\">\n\t\t\t\t\t<div class=\"has_ae_slider elementor-column elementor-col-100 elementor-top-column elementor-element elementor-element-f93bf44 ae-bg-gallery-type-default\" data-id=\"f93bf44\" data-element_type=\"column\" data-e-type=\"column\">\n\t\t\t<div class=\"elementor-widget-wrap elementor-element-populated\">\n\t\t\t\t\t\t<div class=\"elementor-element elementor-element-7a2e6fa elementor-widget elementor-widget-html\" data-id=\"7a2e6fa\" data-element_type=\"widget\" data-e-type=\"widget\" data-widget_type=\"html.default\">\n\t\t\t\t\t<h1 class=\"bleugris\">Prochaines formations planifi\u00e9es<\/h1>\n<p class=\"info bleugris\">\n    <span>Inscrivez-vous d\u00e8s maintenant<\/span> ou contactez-nous !\n<\/p>\t\t\t\t<\/div>\n\t\t\t\t<div class=\"elementor-element elementor-element-c9477d6 elementor-widget elementor-widget-shortcode\" data-id=\"c9477d6\" data-element_type=\"widget\" data-e-type=\"widget\" data-widget_type=\"shortcode.default\">\n\t\t\t\t\t\t\t<div class=\"elementor-shortcode\"><div id='ged1' data-page='calendrier' page='calendrier' data-centre='3' centre='3' data-categories='30' categories='30' data-url_inscription='fr\/education-inscription' url_inscription='fr\/education-inscription'><div style='text-align:center'><div>Chargement en cours...<\/div><div style='color:#212529bf'>Veuillez patienter quelques instants.<\/div><\/div><\/div>\n<\/div>\n\t\t\t\t\t\t<\/div>\n\t\t\t\t\t<\/div>\n\t\t<\/div>\n\t\t\t\t\t<\/div>\n\t\t<\/section>\n\t\t\t\t<\/div>\n\t\t","protected":false},"excerpt":{"rendered":"<p>NINA \u00c9ducation, Acqu\u00e9rir un savoir\u2011faire La technologie n&rsquo;est rien sans celles et ceux qui la ma\u00eetrisent. Apprenez \u00e0 manier les outils pour transformez la technique en expertise et la pratique en cr\u00e9ativit\u00e9. Chaque outil devient un v\u00e9ritable levier artistique. Sur le terrain B\u00e9n\u00e9ficiez d\u2019une exp\u00e9rience ancr\u00e9e dans la pratique des m\u00e9tiers d\u2019aujourd\u2019hui. Par des pro &#8230; <a title=\"Education\" class=\"read-more\" href=\"https:\/\/nina.solutions\/fr\/education\/\" aria-label=\"En savoir plus sur Education\">Lire la suite<\/a><\/p>\n","protected":false},"author":5,"featured_media":0,"parent":0,"menu_order":0,"comment_status":"closed","ping_status":"closed","template":"","meta":{"footnotes":""},"class_list":["post-20179","page","type-page","status-publish"],"_links":{"self":[{"href":"https:\/\/nina.solutions\/fr\/wp-json\/wp\/v2\/pages\/20179","targetHints":{"allow":["GET"]}}],"collection":[{"href":"https:\/\/nina.solutions\/fr\/wp-json\/wp\/v2\/pages"}],"about":[{"href":"https:\/\/nina.solutions\/fr\/wp-json\/wp\/v2\/types\/page"}],"author":[{"embeddable":true,"href":"https:\/\/nina.solutions\/fr\/wp-json\/wp\/v2\/users\/5"}],"replies":[{"embeddable":true,"href":"https:\/\/nina.solutions\/fr\/wp-json\/wp\/v2\/comments?post=20179"}],"version-history":[{"count":8,"href":"https:\/\/nina.solutions\/fr\/wp-json\/wp\/v2\/pages\/20179\/revisions"}],"predecessor-version":[{"id":21341,"href":"https:\/\/nina.solutions\/fr\/wp-json\/wp\/v2\/pages\/20179\/revisions\/21341"}],"wp:attachment":[{"href":"https:\/\/nina.solutions\/fr\/wp-json\/wp\/v2\/media?parent=20179"}],"curies":[{"name":"wp","href":"https:\/\/api.w.org\/{rel}","templated":true}]}}